{"id":4080,"date":"2022-09-30T10:11:00","date_gmt":"2022-09-30T10:11:00","guid":{"rendered":"https:\/\/www.muzejhercegovine.com\/objekat-uz-kucu-dzemala-bijedica\/"},"modified":"2023-01-23T13:41:14","modified_gmt":"2023-01-23T13:41:14","slug":"batiment-a-cote-de-la-maison-de-dzemal-bijedic","status":"publish","type":"page","link":"https:\/\/www.muzejhercegovine.com\/fr\/batiment-a-cote-de-la-maison-de-dzemal-bijedic\/","title":{"rendered":"B\u00e2timent \u00e0 c\u00f4t\u00e9 de la maison de D\u017eemal Bijedi\u0107"},"content":{"rendered":"","protected":false},"excerpt":{"rendered":"","protected":false},"author":1,"featured_media":0,"parent":0,"menu_order":0,"comment_status":"closed","ping_status":"closed","template":"","meta":{"footnotes":""},"class_list":["post-4080","page","type-page","status-publish","hentry"],"_links":{"self":[{"href":"https:\/\/www.muzejhercegovine.com\/fr\/wp-json\/wp\/v2\/pages\/4080","targetHints":{"allow":["GET"]}}],"collection":[{"href":"https:\/\/www.muzejhercegovine.com\/fr\/wp-json\/wp\/v2\/pages"}],"about":[{"href":"https:\/\/www.muzejhercegovine.com\/fr\/wp-json\/wp\/v2\/types\/page"}],"author":[{"embeddable":true,"href":"https:\/\/www.muzejhercegovine.com\/fr\/wp-json\/wp\/v2\/users\/1"}],"replies":[{"embeddable":true,"href":"https:\/\/www.muzejhercegovine.com\/fr\/wp-json\/wp\/v2\/comments?post=4080"}],"version-history":[{"count":3,"href":"https:\/\/www.muzejhercegovine.com\/fr\/wp-json\/wp\/v2\/pages\/4080\/revisions"}],"predecessor-version":[{"id":4084,"href":"https:\/\/www.muzejhercegovine.com\/fr\/wp-json\/wp\/v2\/pages\/4080\/revisions\/4084"}],"wp:attachment":[{"href":"https:\/\/www.muzejhercegovine.com\/fr\/wp-json\/wp\/v2\/media?parent=4080"}],"curies":[{"name":"wp","href":"https:\/\/api.w.org\/{rel}","templated":true}]}}